{"id":15,"date":"2016-03-31T15:50:16","date_gmt":"2016-03-31T13:50:16","guid":{"rendered":"http:\/\/gustavssonsgossar.se\/?page_id=15"},"modified":"2017-06-15T17:26:11","modified_gmt":"2017-06-15T15:26:11","slug":"stefan-lundh","status":"publish","type":"page","link":"https:\/\/gustavssonsgossar.se\/index.php\/stefan-lundh\/","title":{"rendered":"Stefan Lundh"},"content":{"rendered":"<p><img loading=\"lazy\" decoding=\"async\" class=\"alignright wp-image-50 size-full\" src=\"http:\/\/www.gustavssonsgossar.se\/wp-content\/uploads\/2016\/03\/stefan.jpg\" alt=\"stefan\" width=\"450\" height=\"800\" srcset=\"https:\/\/gustavssonsgossar.se\/wp-content\/uploads\/2016\/03\/stefan.jpg 450w, https:\/\/gustavssonsgossar.se\/wp-content\/uploads\/2016\/03\/stefan-169x300.jpg 169w\" sizes=\"auto, (max-width: 450px) 100vw, 450px\" \/><\/p>\n<p><strong>St\u00e4mma?<br \/>\n<\/strong>Bas II<\/p>\n<p><strong>Dricker helst?<br \/>\n<\/strong>Portvin<\/p>\n<p><strong>Vilka instrument spelar du?<\/strong><\/p>\n<p><strong>B\u00e4sta mansk\u00f6rss\u00e5ngen?<\/strong><strong><br \/>\n<\/strong><\/p>\n<p><strong>Sjunger helst?<br \/>\n<\/strong><\/p>\n<p><strong>Vart har du tidigare sjungit?<br \/>\n<\/strong>Trefaldighetsk\u00f6ren Christianstad fr\u00e5n<\/p>\n<p><strong>Otto Lindblad eller Wilhelm Stenhammar?<\/strong><strong><br \/>\n<\/strong><\/p>\n<p><strong>Vad \u00e4r roligast i att sjunga Bas?<br \/>\n<\/strong><\/p>\n<p><strong>Favoritl\u00e5t av Comedian Harmonists?<\/strong><strong><br \/>\n<\/strong><em><a href=\"https:\/\/www.youtube.com\/watch?v=7uf1TRbVri0\" target=\"_blank\">&#8221;Kan du vissa Johanna&#8221;<\/a><\/em><\/p>\n<p><strong>Povel Ramel eller Robert Broberg?<br \/>\n<\/strong><strong><br \/>\n<\/strong><\/p>\n<p><strong>B\u00f6r Bj\u00f6rn Ranelid f\u00e5 Piratenpriset?<br \/>\n<\/strong>Som \u00a0den ledstj\u00e4rna han \u00e4r f\u00f6r mig s\u00e5 sj\u00e4lvklart ja.<\/p>\n<p>&nbsp;<\/p>\n<p>&nbsp;<\/p>\n<p>&nbsp;<\/p>\n<p>&nbsp;<\/p>\n<p><a href=\"http:\/\/www.gustavssonsgossar.se\/wp-content\/uploads\/2016\/03\/Stefan__.jpg\"><img loading=\"lazy\" decoding=\"async\" class=\"alignright size-full wp-image-228\" src=\"http:\/\/www.gustavssonsgossar.se\/wp-content\/uploads\/2016\/03\/Stefan__.jpg\" alt=\"Stefan__\" width=\"450\" height=\"736\" srcset=\"https:\/\/gustavssonsgossar.se\/wp-content\/uploads\/2016\/03\/Stefan__.jpg 450w, https:\/\/gustavssonsgossar.se\/wp-content\/uploads\/2016\/03\/Stefan__-183x300.jpg 183w, https:\/\/gustavssonsgossar.se\/wp-content\/uploads\/2016\/03\/Stefan__-360x589.jpg 360w, https:\/\/gustavssonsgossar.se\/wp-content\/uploads\/2016\/03\/Stefan__-250x409.jpg 250w, https:\/\/gustavssonsgossar.se\/wp-content\/uploads\/2016\/03\/Stefan__-100x164.jpg 100w\" sizes=\"auto, (max-width: 450px) 100vw, 450px\" \/><\/a><\/p>\n","protected":false},"excerpt":{"rendered":"<p>St\u00e4mma? Bas II Dricker helst? Portvin Vilka instrument spelar du? B\u00e4sta mansk\u00f6rss\u00e5ngen? Sjunger helst? Vart har du tidigare sjungit? Trefaldighetsk\u00f6ren<\/p>\n<p><a href=\"https:\/\/gustavssonsgossar.se\/index.php\/stefan-lundh\/\" class=\"more-link\">Forts\u00e4tt l\u00e4sa<span class=\"screen-reader-text\">Stefan Lundh<\/span><\/a><\/p>\n","protected":false},"author":1,"featured_media":0,"parent":0,"menu_order":0,"comment_status":"closed","ping_status":"closed","template":"page-templates\/page_fullwidth.php","meta":{"footnotes":""},"class_list":["post-15","page","type-page","status-publish","hentry"],"_links":{"self":[{"href":"https:\/\/gustavssonsgossar.se\/index.php\/wp-json\/wp\/v2\/pages\/15","targetHints":{"allow":["GET"]}}],"collection":[{"href":"https:\/\/gustavssonsgossar.se\/index.php\/wp-json\/wp\/v2\/pages"}],"about":[{"href":"https:\/\/gustavssonsgossar.se\/index.php\/wp-json\/wp\/v2\/types\/page"}],"author":[{"embeddable":true,"href":"https:\/\/gustavssonsgossar.se\/index.php\/wp-json\/wp\/v2\/users\/1"}],"replies":[{"embeddable":true,"href":"https:\/\/gustavssonsgossar.se\/index.php\/wp-json\/wp\/v2\/comments?post=15"}],"version-history":[{"count":14,"href":"https:\/\/gustavssonsgossar.se\/index.php\/wp-json\/wp\/v2\/pages\/15\/revisions"}],"predecessor-version":[{"id":302,"href":"https:\/\/gustavssonsgossar.se\/index.php\/wp-json\/wp\/v2\/pages\/15\/revisions\/302"}],"wp:attachment":[{"href":"https:\/\/gustavssonsgossar.se\/index.php\/wp-json\/wp\/v2\/media?parent=15"}],"curies":[{"name":"wp","href":"https:\/\/api.w.org\/{rel}","templated":true}]}}