{"id":157,"date":"2016-11-03T23:02:58","date_gmt":"2016-11-03T22:02:58","guid":{"rendered":"http:\/\/gustavssonsgossar.se\/?page_id=157"},"modified":"2017-05-01T18:22:01","modified_gmt":"2017-05-01T16:22:01","slug":"3e-dec-gossarna-sjunger-pa-fjalkinge-julmarknad","status":"publish","type":"page","link":"https:\/\/gustavssonsgossar.se\/index.php\/3e-dec-gossarna-sjunger-pa-fjalkinge-julmarknad\/","title":{"rendered":"Kulturnatten 2017"},"content":{"rendered":"<p>Gustavssons Gossar sjunger in sommaren p\u00e5 Stora Torg i Kristianstad den 20:e Maj 2017 kl 14:30 under &#8221;Kulturnatten&#8221;.<\/p>\n<p><a href=\"http:\/\/www.trefaldighetskoren.se\" target=\"_blank\"><strong>Trefaldighetsk\u00f6ren Christianstad<\/strong> <\/a>(d\u00e4r Gustavssons Gossar utg\u00f6r Tenor och Bas-st\u00e4mmorna) sjunger sedan &#8221;En dansk, en tysk, en italienare och Bellman&#8221; i Trefaldighetskyrkan kl 17:00<\/p>\n<p>&nbsp;<\/p>\n<p>&nbsp;<\/p>\n","protected":false},"excerpt":{"rendered":"<p>Gustavssons Gossar sjunger in sommaren p\u00e5 Stora Torg i Kristianstad den 20:e Maj 2017 kl 14:30 under &#8221;Kulturnatten&#8221;. Trefaldighetsk\u00f6ren Christianstad<\/p>\n<p><a href=\"https:\/\/gustavssonsgossar.se\/index.php\/3e-dec-gossarna-sjunger-pa-fjalkinge-julmarknad\/\" class=\"more-link\">Forts\u00e4tt l\u00e4sa<span class=\"screen-reader-text\">Kulturnatten 2017<\/span><\/a><\/p>\n","protected":false},"author":1,"featured_media":127,"parent":0,"menu_order":0,"comment_status":"closed","ping_status":"closed","template":"page-templates\/page_fullwidth.php","meta":{"footnotes":""},"class_list":["post-157","page","type-page","status-publish","has-post-thumbnail","hentry"],"_links":{"self":[{"href":"https:\/\/gustavssonsgossar.se\/index.php\/wp-json\/wp\/v2\/pages\/157","targetHints":{"allow":["GET"]}}],"collection":[{"href":"https:\/\/gustavssonsgossar.se\/index.php\/wp-json\/wp\/v2\/pages"}],"about":[{"href":"https:\/\/gustavssonsgossar.se\/index.php\/wp-json\/wp\/v2\/types\/page"}],"author":[{"embeddable":true,"href":"https:\/\/gustavssonsgossar.se\/index.php\/wp-json\/wp\/v2\/users\/1"}],"replies":[{"embeddable":true,"href":"https:\/\/gustavssonsgossar.se\/index.php\/wp-json\/wp\/v2\/comments?post=157"}],"version-history":[{"count":8,"href":"https:\/\/gustavssonsgossar.se\/index.php\/wp-json\/wp\/v2\/pages\/157\/revisions"}],"predecessor-version":[{"id":205,"href":"https:\/\/gustavssonsgossar.se\/index.php\/wp-json\/wp\/v2\/pages\/157\/revisions\/205"}],"wp:featuredmedia":[{"embeddable":true,"href":"https:\/\/gustavssonsgossar.se\/index.php\/wp-json\/wp\/v2\/media\/127"}],"wp:attachment":[{"href":"https:\/\/gustavssonsgossar.se\/index.php\/wp-json\/wp\/v2\/media?parent=157"}],"curies":[{"name":"wp","href":"https:\/\/api.w.org\/{rel}","templated":true}]}}