{"id":19,"date":"2016-03-31T15:51:16","date_gmt":"2016-03-31T13:51:16","guid":{"rendered":"http:\/\/gustavssonsgossar.se\/?page_id=19"},"modified":"2017-06-15T17:26:13","modified_gmt":"2017-06-15T15:26:13","slug":"gustaf-hallqvist","status":"publish","type":"page","link":"https:\/\/gustavssonsgossar.se\/index.php\/gustaf-hallqvist\/","title":{"rendered":"Gustaf Hallqvist"},"content":{"rendered":"<p><img loading=\"lazy\" decoding=\"async\" class=\"alignright wp-image-47 size-full\" src=\"http:\/\/www.gustavssonsgossar.se\/wp-content\/uploads\/2016\/03\/gustaf.jpg\" alt=\"gustaf\" width=\"450\" height=\"800\" srcset=\"https:\/\/gustavssonsgossar.se\/wp-content\/uploads\/2016\/03\/gustaf.jpg 450w, https:\/\/gustavssonsgossar.se\/wp-content\/uploads\/2016\/03\/gustaf-169x300.jpg 169w\" sizes=\"auto, (max-width: 450px) 100vw, 450px\" \/><strong>St\u00e4mma?<br \/>\n<\/strong>Bas\u00a0II<\/p>\n<p><strong>Dricker helst?<br \/>\n<\/strong>Vin och vatten<\/p>\n<p><strong>Vilka instrument spelar du?<br \/>\n<\/strong>Slagverk och piano<strong><br \/>\n<\/strong><\/p>\n<p><strong>B\u00e4sta mansk\u00f6rss\u00e5ngen?<br \/>\n<\/strong>Finns m\u00e5nga, men \u201d<em>Under r\u00f6nn och syr\u00e9n<\/em>\u201d \u00e4r fin!<strong><br \/>\n<\/strong><\/p>\n<p><strong>Sjunger helst?<br \/>\n<\/strong>Klassiskt i alla former<strong><br \/>\n<\/strong><\/p>\n<p><strong>Vart har du tidigare sjungit?<br \/>\n<\/strong>Trefaldighetsk\u00f6ren Christianstad fr\u00e5n 2005<br \/>\nJag har sjungit i Lunds Stundents\u00e5ngf\u00f6rening<\/p>\n<p><strong>Otto Lindblad eller Wilhelm Stenhammar?<br \/>\n<\/strong>Stenhammar<strong><br \/>\n<\/strong><\/p>\n<p><strong>Vad \u00e4r roligast i att sjunga Bas?<br \/>\n<\/strong>Detta \u00e4r att man l\u00e4gger ett slags grund f\u00f6r \u00f6vriga st\u00e4mmor. Hade s\u00e4kert tyckt det var lika kul, att sjunga tenor om bara r\u00f6sten hade varit anpassad f\u00f6r det.<strong><br \/>\n<\/strong><\/p>\n<p><strong>Favoritl\u00e5t av Comedian Harmonists?<\/strong><strong><br \/>\n<\/strong>Pass<\/p>\n<p><strong>Povel Ramel eller Robert Broberg?<br \/>\n<\/strong>Povel Ramel\u00a0 &#8211; b\u00e5de f\u00f6r textens och musikens skull <strong><br \/>\n<\/strong><\/p>\n<p><strong>B\u00f6r Bj\u00f6rn Ranelid f\u00e5 Piratenpriset?<br \/>\n<\/strong>Pass<br \/>\n<a href=\"http:\/\/www.gustavssonsgossar.se\/wp-content\/uploads\/2016\/03\/Gustaf1.jpg\"><img loading=\"lazy\" decoding=\"async\" class=\"alignright size-full wp-image-237\" src=\"http:\/\/www.gustavssonsgossar.se\/wp-content\/uploads\/2016\/03\/Gustaf1.jpg\" alt=\"Gustaf\" width=\"450\" height=\"736\" srcset=\"https:\/\/gustavssonsgossar.se\/wp-content\/uploads\/2016\/03\/Gustaf1.jpg 450w, https:\/\/gustavssonsgossar.se\/wp-content\/uploads\/2016\/03\/Gustaf1-183x300.jpg 183w, https:\/\/gustavssonsgossar.se\/wp-content\/uploads\/2016\/03\/Gustaf1-360x589.jpg 360w, https:\/\/gustavssonsgossar.se\/wp-content\/uploads\/2016\/03\/Gustaf1-250x409.jpg 250w, https:\/\/gustavssonsgossar.se\/wp-content\/uploads\/2016\/03\/Gustaf1-100x164.jpg 100w\" sizes=\"auto, (max-width: 450px) 100vw, 450px\" \/><\/a><br \/>\n<strong>Favoritverk?<br \/>\n<\/strong><a href=\"https:\/\/www.youtube.com\/watch?v=0GBsLoPW9LY\" target=\"_blank\"><em>h-mollm\u00e4ssan av Bach<\/em><\/a>, men gillar i stort sett all klassisk repertoar och lyssnar mest p\u00e5 ren instrumentalmusik<\/p>\n","protected":false},"excerpt":{"rendered":"<p>St\u00e4mma? Bas\u00a0II Dricker helst? Vin och vatten Vilka instrument spelar du? Slagverk och piano B\u00e4sta mansk\u00f6rss\u00e5ngen? Finns m\u00e5nga, men \u201dUnder<\/p>\n<p><a href=\"https:\/\/gustavssonsgossar.se\/index.php\/gustaf-hallqvist\/\" class=\"more-link\">Forts\u00e4tt l\u00e4sa<span class=\"screen-reader-text\">Gustaf Hallqvist<\/span><\/a><\/p>\n","protected":false},"author":1,"featured_media":0,"parent":0,"menu_order":0,"comment_status":"closed","ping_status":"closed","template":"page-templates\/page_fullwidth.php","meta":{"footnotes":""},"class_list":["post-19","page","type-page","status-publish","hentry"],"_links":{"self":[{"href":"https:\/\/gustavssonsgossar.se\/index.php\/wp-json\/wp\/v2\/pages\/19","targetHints":{"allow":["GET"]}}],"collection":[{"href":"https:\/\/gustavssonsgossar.se\/index.php\/wp-json\/wp\/v2\/pages"}],"about":[{"href":"https:\/\/gustavssonsgossar.se\/index.php\/wp-json\/wp\/v2\/types\/page"}],"author":[{"embeddable":true,"href":"https:\/\/gustavssonsgossar.se\/index.php\/wp-json\/wp\/v2\/users\/1"}],"replies":[{"embeddable":true,"href":"https:\/\/gustavssonsgossar.se\/index.php\/wp-json\/wp\/v2\/comments?post=19"}],"version-history":[{"count":12,"href":"https:\/\/gustavssonsgossar.se\/index.php\/wp-json\/wp\/v2\/pages\/19\/revisions"}],"predecessor-version":[{"id":301,"href":"https:\/\/gustavssonsgossar.se\/index.php\/wp-json\/wp\/v2\/pages\/19\/revisions\/301"}],"wp:attachment":[{"href":"https:\/\/gustavssonsgossar.se\/index.php\/wp-json\/wp\/v2\/media?parent=19"}],"curies":[{"name":"wp","href":"https:\/\/api.w.org\/{rel}","templated":true}]}}