{"id":21,"date":"2016-03-31T15:51:32","date_gmt":"2016-03-31T13:51:32","guid":{"rendered":"http:\/\/gustavssonsgossar.se\/?page_id=21"},"modified":"2017-06-15T17:27:20","modified_gmt":"2017-06-15T15:27:20","slug":"torbjorn-gustavsson","status":"publish","type":"page","link":"https:\/\/gustavssonsgossar.se\/index.php\/torbjorn-gustavsson\/","title":{"rendered":"Torbj\u00f6rn Gustavsson"},"content":{"rendered":"<figure id=\"attachment_206\" aria-describedby=\"caption-attachment-206\" style=\"width: 640px\" class=\"wp-caption alignright\"><a href=\"http:\/\/www.gustavssonsgossar.se\/wp-content\/uploads\/2016\/03\/largus.jpg\"><img loading=\"lazy\" decoding=\"async\" class=\"wp-image-206 size-large\" src=\"http:\/\/www.gustavssonsgossar.se\/wp-content\/uploads\/2016\/03\/largus-1024x661.jpg\" alt=\"Orginalfoto: Richard Ohlin - (Svartvit redigering G.G.)\" width=\"640\" height=\"413\" srcset=\"https:\/\/gustavssonsgossar.se\/wp-content\/uploads\/2016\/03\/largus-1024x661.jpg 1024w, https:\/\/gustavssonsgossar.se\/wp-content\/uploads\/2016\/03\/largus-300x194.jpg 300w, https:\/\/gustavssonsgossar.se\/wp-content\/uploads\/2016\/03\/largus-700x452.jpg 700w, https:\/\/gustavssonsgossar.se\/wp-content\/uploads\/2016\/03\/largus-520x336.jpg 520w, https:\/\/gustavssonsgossar.se\/wp-content\/uploads\/2016\/03\/largus-360x232.jpg 360w, https:\/\/gustavssonsgossar.se\/wp-content\/uploads\/2016\/03\/largus-250x161.jpg 250w, https:\/\/gustavssonsgossar.se\/wp-content\/uploads\/2016\/03\/largus-100x65.jpg 100w, https:\/\/gustavssonsgossar.se\/wp-content\/uploads\/2016\/03\/largus.jpg 1750w\" sizes=\"auto, (max-width: 640px) 100vw, 640px\" \/><\/a><figcaption id=\"caption-attachment-206\" class=\"wp-caption-text\">Orginalfoto: Richard Ohlin &#8211; (Svartvit redigering G.G.)<\/figcaption><\/figure>\n<p><strong>St\u00e4mma?<br \/>\n<\/strong>Maestro och pianist<\/p>\n<p><strong>Dricker helst?<\/strong><br \/>\nGott vin eller Mojito<\/p>\n<p><strong>Vilka instrument spelar du?<br \/>\n<\/strong>Tangentinstrument och har tidigare klarinett p\u00e5 80-talet. P\u00e5 musikh\u00f6gskolan blev jag tvingad att spela fiol.<\/p>\n<p><strong>B\u00e4sta mansk\u00f6rss\u00e5ngen?<\/strong><br \/>\nPilgrimsk\u00f6ren ur operan Tannh\u00e4user\u00a0av R.\u00a0Wagner<\/p>\n<p><strong>Sjunger helst?<br \/>\n<\/strong>Operaarior i badrummet<\/p>\n<p><strong>Otto Lindblad eller Wilhelm Stenhammar?<\/strong><br \/>\nWilhelm Stenhammar, han \u00e4r ju st\u00f6rre komposit\u00f6r.<\/p>\n<p><strong>Vad \u00e4r roligast i att leda en mansk\u00f6r?<br \/>\n<\/strong>Mansk\u00f6rer\u00a0finns n\u00e4stan inte kvar idag, s\u00e5 det \u00e4r ganska ovanligt idag utanf\u00f6r universitetsst\u00e4derna. Det g\u00f6r det unikt och roligt.<\/p>\n<p><strong>Favoritl\u00e5t av Comedian Harmonists?<\/strong><br \/>\nDer liebe der Matrosen<\/p>\n<p><strong>Povel Ramel eller Robert Broberg?<br \/>\n<\/strong>Povel Ramel \u00e4r beg\u00e5vad b\u00e5de i ordet och i melodin. Ordkonstn\u00e4r och superduktig pianist.<\/p>\n<p><strong>B\u00f6r Bj\u00f6rn Ranelid f\u00e5 Piratenpriset?<br \/>\n<\/strong>Fantastisk ordkonstn\u00e4r men saknar kanske humor, vilket \u00e4r en viktig ingrediens i Piratenpriset.<\/p>\n<p><strong>Har du n\u00e5gon favorit jazzmusiker?<br \/>\n<\/strong>Bengt Hallberg, han beh\u00e4rskade i princip allting.<\/p>\n","protected":false},"excerpt":{"rendered":"<p>St\u00e4mma? Maestro och pianist Dricker helst? Gott vin eller Mojito Vilka instrument spelar du? Tangentinstrument och har tidigare klarinett p\u00e5<\/p>\n<p><a href=\"https:\/\/gustavssonsgossar.se\/index.php\/torbjorn-gustavsson\/\" class=\"more-link\">Forts\u00e4tt l\u00e4sa<span class=\"screen-reader-text\">Torbj\u00f6rn Gustavsson<\/span><\/a><\/p>\n","protected":false},"author":1,"featured_media":0,"parent":0,"menu_order":0,"comment_status":"closed","ping_status":"closed","template":"page-templates\/page_fullwidth.php","meta":{"footnotes":""},"class_list":["post-21","page","type-page","status-publish","hentry"],"_links":{"self":[{"href":"https:\/\/gustavssonsgossar.se\/index.php\/wp-json\/wp\/v2\/pages\/21","targetHints":{"allow":["GET"]}}],"collection":[{"href":"https:\/\/gustavssonsgossar.se\/index.php\/wp-json\/wp\/v2\/pages"}],"about":[{"href":"https:\/\/gustavssonsgossar.se\/index.php\/wp-json\/wp\/v2\/types\/page"}],"author":[{"embeddable":true,"href":"https:\/\/gustavssonsgossar.se\/index.php\/wp-json\/wp\/v2\/users\/1"}],"replies":[{"embeddable":true,"href":"https:\/\/gustavssonsgossar.se\/index.php\/wp-json\/wp\/v2\/comments?post=21"}],"version-history":[{"count":12,"href":"https:\/\/gustavssonsgossar.se\/index.php\/wp-json\/wp\/v2\/pages\/21\/revisions"}],"predecessor-version":[{"id":303,"href":"https:\/\/gustavssonsgossar.se\/index.php\/wp-json\/wp\/v2\/pages\/21\/revisions\/303"}],"wp:attachment":[{"href":"https:\/\/gustavssonsgossar.se\/index.php\/wp-json\/wp\/v2\/media?parent=21"}],"curies":[{"name":"wp","href":"https:\/\/api.w.org\/{rel}","templated":true}]}}