{"id":23,"date":"2016-03-31T15:51:51","date_gmt":"2016-03-31T13:51:51","guid":{"rendered":"http:\/\/gustavssonsgossar.se\/?page_id=23"},"modified":"2017-06-15T17:22:50","modified_gmt":"2017-06-15T15:22:50","slug":"ian-fernheden","status":"publish","type":"page","link":"https:\/\/gustavssonsgossar.se\/index.php\/ian-fernheden\/","title":{"rendered":"Ian Fernheden"},"content":{"rendered":"<p><strong><img loading=\"lazy\" decoding=\"async\" class=\"alignright size-full wp-image-248\" src=\"http:\/\/www.gustavssonsgossar.se\/wp-content\/uploads\/2016\/03\/40.jpg\" alt=\"40\" width=\"450\" height=\"800\" srcset=\"https:\/\/gustavssonsgossar.se\/wp-content\/uploads\/2016\/03\/40.jpg 450w, https:\/\/gustavssonsgossar.se\/wp-content\/uploads\/2016\/03\/40-169x300.jpg 169w, https:\/\/gustavssonsgossar.se\/wp-content\/uploads\/2016\/03\/40-360x640.jpg 360w, https:\/\/gustavssonsgossar.se\/wp-content\/uploads\/2016\/03\/40-250x444.jpg 250w, https:\/\/gustavssonsgossar.se\/wp-content\/uploads\/2016\/03\/40-100x178.jpg 100w\" sizes=\"auto, (max-width: 450px) 100vw, 450px\" \/>Vilka instrument spelar du?<br \/>\n<\/strong>Jag kan hanka mig fram p\u00e5 b\u00e5de piano och gitarr<\/p>\n<p><strong>B\u00e4sta mansk\u00f6rss\u00e5ngen?<\/strong><strong><br \/>\n<\/strong><em><a href=\"https:\/\/www.youtube.com\/watch?v=5KdpaxpPPQ0\" target=\"_blank\">Ett bondbr\u00f6llop (&#8221;Uti bondens stuga dansen ska g\u00e5&#8221;)<\/a><\/em><\/p>\n<p><strong>Sjunger helst?<br \/>\n<\/strong>Musik fr\u00e5n romantiken, opera eller typ allt som komponerats av J.S. Bach<\/p>\n<p><strong>Vart har du tidigare sjungit?<br \/>\n<\/strong>Trefaldighetsk\u00f6ren Christianstad fr\u00e5n 2006 (kallad Trefaldighetskyrkans k\u00f6r fram till 2012)<br \/>\nLaurentii Gossk\u00f6r under ledning av Kurt Romberg fr\u00e5n 7 \u00e5rs \u00e5lder till 16 \u00e5rs \u00e5lder<br \/>\nSollentuna Musikklasser \u00e5rskurs 4 till 9<br \/>\nRudbecks Musikklasser\u00a0under gymnasiet<br \/>\nS\u00e5ngf\u00e5gel p\u00e5 min pluton under v\u00e4rnplikten<br \/>\nH\u00f6gskolek\u00f6ren \u201dTonfiskarna\u201d i Kristianstad under 2005-2006<\/p>\n<p><strong>Otto Lindblad eller Wilhelm Stenhammar?<\/strong><strong><br \/>\n<\/strong>Otto Lindblad skrev Kungss\u00e5ngen s\u00e5 f\u00e5r som uttalad rojalist s\u00e4ga Lindblad<\/p>\n<p><strong>Vad \u00e4r roligast i att sjunga Tenor?<br \/>\n<\/strong>Inom mansk\u00f6ren sjunger jag ofta melodin, vilket \u00e4r ganska kul. Kul att v\u00e4xla mellan huvudklang och falsett mycket ocks\u00e5.<\/p>\n<p><strong>Favoritl\u00e5t av Comedian Harmonists?<\/strong><strong><br \/>\n<\/strong><em><a href=\"https:\/\/www.youtube.com\/watch?v=sBKdAC_WTz8\" target=\"_blank\">Mein lieber Schatz- Bist du Aus Spannien?<\/a><br \/>\n<\/em><\/p>\n<p><strong>Tycker du Bj\u00f6rn Ranelid f\u00e5 Piratenpriset?<\/strong><br \/>\nJa det tycker jag, han har b\u00e5de humor och gjort mycket f\u00f6r \u00d6sterlen.<\/p>\n<p><strong>Favoritverk?<br \/>\n<\/strong>Jag brukar s\u00e4ga att <a href=\"https:\/\/www.youtube.com\/watch?v=Zp4a8XJwDtU\" target=\"_blank\">&#8221;Mariavespern&#8221; av Monteverdi<\/a> tycker jag \u00e4r det tr\u00e5kigaste jag repeterat in, men det h\u00e4ftigaste jag f\u00e5tt \u00e4ran att vara med och framf\u00f6ra. Polletten trillade ner n\u00e4r alla bitar f\u00f6ll p\u00e5 plats kan man kanske s\u00e4ga.<br \/>\n<img loading=\"lazy\" decoding=\"async\" class=\"alignright size-full wp-image-244\" src=\"http:\/\/www.gustavssonsgossar.se\/wp-content\/uploads\/2016\/03\/ian3.jpg\" alt=\"ian3\" width=\"450\" height=\"736\" srcset=\"https:\/\/gustavssonsgossar.se\/wp-content\/uploads\/2016\/03\/ian3.jpg 450w, https:\/\/gustavssonsgossar.se\/wp-content\/uploads\/2016\/03\/ian3-183x300.jpg 183w, https:\/\/gustavssonsgossar.se\/wp-content\/uploads\/2016\/03\/ian3-360x589.jpg 360w, https:\/\/gustavssonsgossar.se\/wp-content\/uploads\/2016\/03\/ian3-250x409.jpg 250w, https:\/\/gustavssonsgossar.se\/wp-content\/uploads\/2016\/03\/ian3-100x164.jpg 100w\" sizes=\"auto, (max-width: 450px) 100vw, 450px\" \/><br \/>\nSe\u00a0g\u00e4rna min personliga hemsida <a href=\"http:\/\/www.ianfernheden.se\" target=\"_blank\">www.ianfernheden.se<\/a><\/p>\n<p>&nbsp;<\/p>\n<p>&nbsp;<\/p>\n<p>&nbsp;<\/p>\n<p>&nbsp;<\/p>\n<p>&nbsp;<\/p>\n<p>&nbsp;<\/p>\n<p>&nbsp;<\/p>\n<p>&nbsp;<\/p>\n<p>&nbsp;<\/p>\n<p>&nbsp;<\/p>\n<p>&nbsp;<\/p>\n<p>&nbsp;<br \/>\n<iframe loading=\"lazy\" title=\"Pojken p\u00e5 m\u00e5nen - Ian Fernheden\" width=\"880\" height=\"495\" src=\"https:\/\/www.youtube.com\/embed\/GekDOelMBj0?feature=oembed\" frameborder=\"0\" allow=\"accelerometer; autoplay; clipboard-write; encrypted-media; gyroscope; picture-in-picture; web-share\" referrerpolicy=\"strict-origin-when-cross-origin\" allowfullscreen><\/iframe><\/p>\n","protected":false},"excerpt":{"rendered":"<p>Vilka instrument spelar du? Jag kan hanka mig fram p\u00e5 b\u00e5de piano och gitarr B\u00e4sta mansk\u00f6rss\u00e5ngen? Ett bondbr\u00f6llop (&#8221;Uti bondens<\/p>\n<p><a href=\"https:\/\/gustavssonsgossar.se\/index.php\/ian-fernheden\/\" class=\"more-link\">Forts\u00e4tt l\u00e4sa<span class=\"screen-reader-text\">Ian Fernheden<\/span><\/a><\/p>\n","protected":false},"author":1,"featured_media":0,"parent":0,"menu_order":0,"comment_status":"closed","ping_status":"closed","template":"page-templates\/page_fullwidth.php","meta":{"footnotes":""},"class_list":["post-23","page","type-page","status-publish","hentry"],"_links":{"self":[{"href":"https:\/\/gustavssonsgossar.se\/index.php\/wp-json\/wp\/v2\/pages\/23","targetHints":{"allow":["GET"]}}],"collection":[{"href":"https:\/\/gustavssonsgossar.se\/index.php\/wp-json\/wp\/v2\/pages"}],"about":[{"href":"https:\/\/gustavssonsgossar.se\/index.php\/wp-json\/wp\/v2\/types\/page"}],"author":[{"embeddable":true,"href":"https:\/\/gustavssonsgossar.se\/index.php\/wp-json\/wp\/v2\/users\/1"}],"replies":[{"embeddable":true,"href":"https:\/\/gustavssonsgossar.se\/index.php\/wp-json\/wp\/v2\/comments?post=23"}],"version-history":[{"count":35,"href":"https:\/\/gustavssonsgossar.se\/index.php\/wp-json\/wp\/v2\/pages\/23\/revisions"}],"predecessor-version":[{"id":297,"href":"https:\/\/gustavssonsgossar.se\/index.php\/wp-json\/wp\/v2\/pages\/23\/revisions\/297"}],"wp:attachment":[{"href":"https:\/\/gustavssonsgossar.se\/index.php\/wp-json\/wp\/v2\/media?parent=23"}],"curies":[{"name":"wp","href":"https:\/\/api.w.org\/{rel}","templated":true}]}}