{"id":27,"date":"2016-03-31T15:52:23","date_gmt":"2016-03-31T13:52:23","guid":{"rendered":"http:\/\/gustavssonsgossar.se\/?page_id=27"},"modified":"2022-05-02T23:49:45","modified_gmt":"2022-05-02T21:49:45","slug":"max-hansen","status":"publish","type":"page","link":"https:\/\/gustavssonsgossar.se\/index.php\/max-hansen\/","title":{"rendered":"Max Hansen 2015-2022"},"content":{"rendered":"<p><strong><img loading=\"lazy\" decoding=\"async\" class=\"alignright wp-image-48 size-full\" src=\"http:\/\/www.gustavssonsgossar.se\/wp-content\/uploads\/2016\/03\/max.jpg\" alt=\"max\" width=\"450\" height=\"800\" srcset=\"https:\/\/gustavssonsgossar.se\/wp-content\/uploads\/2016\/03\/max.jpg 450w, https:\/\/gustavssonsgossar.se\/wp-content\/uploads\/2016\/03\/max-169x300.jpg 169w\" sizes=\"auto, (max-width: 450px) 100vw, 450px\" \/>St\u00e4mma:<br \/>\n<\/strong>Baryton<\/p>\n<p><strong>Dricker helst?<br \/>\n<\/strong>Portvin, s\u00e5\u00a0ofta jag kommer \u00e5t<\/p>\n<p><strong>Vilka instrument spelar du?<br \/>\n<\/strong>St\u00e4mband och gitarr<\/p>\n<p><strong>B\u00e4sta mansk\u00f6rss\u00e5ngen?<br \/>\n<\/strong><a href=\"https:\/\/www.youtube.com\/watch?v=q9N0UncLlsM\" target=\"_blank\" rel=\"noopener noreferrer\"><em>&#8221;She is Always<strong>\u00a0<\/strong>A Woman to me&#8221;<\/em><\/a> med The King&#8217;s Singers. Hittas p\u00e5 ett album\u00a0som heter Simple Gifts vilket f\u00f6r \u00f6vrigt \u00e4r ett mycket bra album I sin helhet\u00a0<strong><br \/>\n<\/strong><\/p>\n<p><strong>Sjunger helst?<br \/>\n<\/strong>Pass<\/p>\n<p><strong>Vart har du tidigare sjungit?<br \/>\n<\/strong>Jag b\u00f6rjade I Trefalgighets Gossk\u00f6r 1982 och har sedan dess varit k\u00f6ren trogen.\u00a0Har g\u00e4stspelat I Kristianstads Kammark\u00f6r d\u00e5 den fanns, ett musikskoleprojekt under ledning av Ingrid Esbj\u00f6rnsson.\u00a0Lektioner I solos\u00e5ng, B\u00e5de f\u00f6r Ingrid Esbj\u00f6rnsson och Torbj\u00f6rn Gustafsson.\u00a0K\u00f6rs\u00e5ngare och kompgitarrist I Christian Taak&#8217;s orkester.\u00a0Ett kortlivat musikprojekt som hette Peak. Ett h\u00e5rdrocksband vilket var sp\u00e4nnande och l\u00e4rorikt.\u00a0F\u00f6rutom Trefaldighetsk\u00f6ren Christianstad och Gustafssons Gossar musicerar jag en del med G\u00f6te F\u00e4rm, Magnus Persson och Stefan F\u00e4rm.<\/p>\n<p><strong>Otto Lindblad eller Wilhelm Stenhammar?<br \/>\n<\/strong>Vilken fr\u00e5ga! Tournedos eller sj\u00f6tunga Walewska?<\/p>\n<p><strong>Vad \u00e4r roligast i att sjunga Baryton?<br \/>\n<\/strong>Pass<\/p>\n<p><strong>Favoritl\u00e5t av Comedian Harmonists?<\/strong><strong><br \/>\n<\/strong>Min relation till Comedian Harmonists \u00e4r fortfarande I sin linda, f\u00e5r \u00e5terkomma med denna.<br \/>\n<a href=\"http:\/\/www.gustavssonsgossar.se\/wp-content\/uploads\/2016\/03\/Max1.jpg\"><img loading=\"lazy\" decoding=\"async\" class=\"size-full wp-image-235 alignright\" src=\"http:\/\/www.gustavssonsgossar.se\/wp-content\/uploads\/2016\/03\/Max1.jpg\" alt=\"Max\" width=\"450\" height=\"736\" srcset=\"https:\/\/gustavssonsgossar.se\/wp-content\/uploads\/2016\/03\/Max1.jpg 450w, https:\/\/gustavssonsgossar.se\/wp-content\/uploads\/2016\/03\/Max1-183x300.jpg 183w, https:\/\/gustavssonsgossar.se\/wp-content\/uploads\/2016\/03\/Max1-360x589.jpg 360w, https:\/\/gustavssonsgossar.se\/wp-content\/uploads\/2016\/03\/Max1-250x409.jpg 250w, https:\/\/gustavssonsgossar.se\/wp-content\/uploads\/2016\/03\/Max1-100x164.jpg 100w\" sizes=\"auto, (max-width: 450px) 100vw, 450px\" \/><\/a><br \/>\n<strong>Povel Ramel\u00a0eller Robert Broberg?<br \/>\n<\/strong>Povel Ramel. En verbal ekvilibrist utan motstycke I svensk musik- och literaturhistoria, sorry Ranelid.<strong><br \/>\n<\/strong><\/p>\n<p><strong>B\u00f6r Bj\u00f6rn Ranelid f\u00e5 Piratenpriset?<br \/>\n<\/strong>Jaa, ge honom alla priser som finns, speciellt om det finns n\u00e5got f\u00f6r naiv entr\u00e4genhet. Han beh\u00f6ver all uppmuntran han kan f\u00e5<\/p>\n","protected":false},"excerpt":{"rendered":"<p>St\u00e4mma: Baryton Dricker helst? Portvin, s\u00e5\u00a0ofta jag kommer \u00e5t Vilka instrument spelar du? St\u00e4mband och gitarr B\u00e4sta mansk\u00f6rss\u00e5ngen? &#8221;She is<\/p>\n<p><a href=\"https:\/\/gustavssonsgossar.se\/index.php\/max-hansen\/\" class=\"more-link\">Forts\u00e4tt l\u00e4sa<span class=\"screen-reader-text\">Max Hansen 2015-2022<\/span><\/a><\/p>\n","protected":false},"author":1,"featured_media":0,"parent":0,"menu_order":0,"comment_status":"closed","ping_status":"closed","template":"page-templates\/page_fullwidth.php","meta":{"footnotes":""},"class_list":["post-27","page","type-page","status-publish","hentry"],"_links":{"self":[{"href":"https:\/\/gustavssonsgossar.se\/index.php\/wp-json\/wp\/v2\/pages\/27","targetHints":{"allow":["GET"]}}],"collection":[{"href":"https:\/\/gustavssonsgossar.se\/index.php\/wp-json\/wp\/v2\/pages"}],"about":[{"href":"https:\/\/gustavssonsgossar.se\/index.php\/wp-json\/wp\/v2\/types\/page"}],"author":[{"embeddable":true,"href":"https:\/\/gustavssonsgossar.se\/index.php\/wp-json\/wp\/v2\/users\/1"}],"replies":[{"embeddable":true,"href":"https:\/\/gustavssonsgossar.se\/index.php\/wp-json\/wp\/v2\/comments?post=27"}],"version-history":[{"count":14,"href":"https:\/\/gustavssonsgossar.se\/index.php\/wp-json\/wp\/v2\/pages\/27\/revisions"}],"predecessor-version":[{"id":346,"href":"https:\/\/gustavssonsgossar.se\/index.php\/wp-json\/wp\/v2\/pages\/27\/revisions\/346"}],"wp:attachment":[{"href":"https:\/\/gustavssonsgossar.se\/index.php\/wp-json\/wp\/v2\/media?parent=27"}],"curies":[{"name":"wp","href":"https:\/\/api.w.org\/{rel}","templated":true}]}}