{"id":338,"date":"2022-05-02T23:45:49","date_gmt":"2022-05-02T21:45:49","guid":{"rendered":"http:\/\/www.gustavssonsgossar.se\/?page_id=338"},"modified":"2022-05-03T21:53:57","modified_gmt":"2022-05-03T19:53:57","slug":"leo-nachenius","status":"publish","type":"page","link":"https:\/\/gustavssonsgossar.se\/index.php\/leo-nachenius\/","title":{"rendered":"Leo Nachenius"},"content":{"rendered":"\n<div class=\"wp-block-image\"><figure class=\"alignright\"><img loading=\"lazy\" decoding=\"async\" width=\"1000\" height=\"729\" src=\"https:\/\/www.gustavssonsgossar.se\/wp-content\/uploads\/2022\/05\/SDG_6480.jpg\" alt=\"\" class=\"wp-image-339\" srcset=\"https:\/\/gustavssonsgossar.se\/wp-content\/uploads\/2022\/05\/SDG_6480.jpg 1000w, https:\/\/gustavssonsgossar.se\/wp-content\/uploads\/2022\/05\/SDG_6480-300x219.jpg 300w, https:\/\/gustavssonsgossar.se\/wp-content\/uploads\/2022\/05\/SDG_6480-768x560.jpg 768w, https:\/\/gustavssonsgossar.se\/wp-content\/uploads\/2022\/05\/SDG_6480-700x510.jpg 700w, https:\/\/gustavssonsgossar.se\/wp-content\/uploads\/2022\/05\/SDG_6480-520x379.jpg 520w, https:\/\/gustavssonsgossar.se\/wp-content\/uploads\/2022\/05\/SDG_6480-360x262.jpg 360w, https:\/\/gustavssonsgossar.se\/wp-content\/uploads\/2022\/05\/SDG_6480-250x182.jpg 250w, https:\/\/gustavssonsgossar.se\/wp-content\/uploads\/2022\/05\/SDG_6480-100x73.jpg 100w\" sizes=\"auto, (max-width: 1000px) 100vw, 1000px\" \/><\/figure><\/div>\n\n\n\n<p style=\"text-align:left\"><strong>Vilka instrument spelar du?<\/strong><\/p>\n\n\n\n<p>Oj, hmm.. jag kan spela lite piano. Har pr\u00f6vat p\u00e5 allt m\u00f6jligt men testat gitarr, cello m.m. <\/p>\n\n\n\n<p><strong>B\u00e4sta mansk\u00f6rss\u00e5ngen?<\/strong><\/p>\n\n\n\n<p>V\u00e5rs\u00e5ng  \/ Glad s\u00e5 som f\u00e5geln<\/p>\n\n\n\n<p><strong>Sjunger helst?<\/strong><\/p>\n\n\n\n<p>Att sjunga i bilen f\u00f6r det st\u00f6r ingen, d\u00e4r kan man brassa p\u00e5 j\u00e4mf\u00f6rt med i hemmet. <\/p>\n\n\n\n<p><strong>Var har du tidigare sjungit?<\/strong><\/p>\n\n\n\n<p>Startade i Helsingborgs studentk\u00f6r, och sen Helsingborgs Motettk\u00f6r samt n\u00e5gra andra k\u00f6rer i Helsingborg. Sen i Kristianstad har jag sjungit i Kristianstad Motettk\u00f6r och Cantores Trinitatis. <\/p>\n\n\n\n<p><strong>Otto Lindblad eller Wilhelm Stenhammar?<\/strong><\/p>\n\n\n\n<p>\u00c4n s\u00e5 l\u00e4nge Otto Lindblad<\/p>\n\n\n\n<p><strong>Vad \u00e4r roligast i att sjunga Bas?<\/strong><\/p>\n\n\n\n<p>Jag t\u00e4nker mest att man kan sticka ut som bas ibland men sen kan man dra sig tillbaka och vara lite annonym. Sen finns det ju m\u00e5nga fina solon som bas, plus att man \u00e4r grunden. Man kan n\u00e4stan aldrig sjunga f\u00f6r starkt som bas. <\/p>\n\n\n\n<p><strong>Favoritl\u00e5t av Comedian Harmonists?<\/strong><em><br> \u00c4n s\u00e5 l\u00e4nge ingen aning<\/em><\/p>\n\n\n\n<p><strong>Tycker du Bj\u00f6rn Ranelid f\u00e5 Piratenpriset?<\/strong><\/p>\n\n\n\n<p>Vad \u00e4r Piratenpriset? K\u00e4nner bara till Piratens besk<\/p>\n\n\n\n<p><strong>Favoritverk?<\/strong><\/p>\n\n\n\n<p>A mass for peace<\/p>\n","protected":false},"excerpt":{"rendered":"<p>Vilka instrument spelar du? Oj, hmm.. jag kan spela lite piano. Har pr\u00f6vat p\u00e5 allt m\u00f6jligt men testat gitarr, cello<\/p>\n<p><a href=\"https:\/\/gustavssonsgossar.se\/index.php\/leo-nachenius\/\" class=\"more-link\">Forts\u00e4tt l\u00e4sa<span class=\"screen-reader-text\">Leo Nachenius<\/span><\/a><\/p>\n","protected":false},"author":1,"featured_media":0,"parent":0,"menu_order":0,"comment_status":"closed","ping_status":"closed","template":"","meta":{"footnotes":""},"class_list":["post-338","page","type-page","status-publish","hentry"],"_links":{"self":[{"href":"https:\/\/gustavssonsgossar.se\/index.php\/wp-json\/wp\/v2\/pages\/338","targetHints":{"allow":["GET"]}}],"collection":[{"href":"https:\/\/gustavssonsgossar.se\/index.php\/wp-json\/wp\/v2\/pages"}],"about":[{"href":"https:\/\/gustavssonsgossar.se\/index.php\/wp-json\/wp\/v2\/types\/page"}],"author":[{"embeddable":true,"href":"https:\/\/gustavssonsgossar.se\/index.php\/wp-json\/wp\/v2\/users\/1"}],"replies":[{"embeddable":true,"href":"https:\/\/gustavssonsgossar.se\/index.php\/wp-json\/wp\/v2\/comments?post=338"}],"version-history":[{"count":3,"href":"https:\/\/gustavssonsgossar.se\/index.php\/wp-json\/wp\/v2\/pages\/338\/revisions"}],"predecessor-version":[{"id":362,"href":"https:\/\/gustavssonsgossar.se\/index.php\/wp-json\/wp\/v2\/pages\/338\/revisions\/362"}],"wp:attachment":[{"href":"https:\/\/gustavssonsgossar.se\/index.php\/wp-json\/wp\/v2\/media?parent=338"}],"curies":[{"name":"wp","href":"https:\/\/api.w.org\/{rel}","templated":true}]}}